{"id":286,"date":"2026-04-24T16:09:58","date_gmt":"2026-04-24T14:09:58","guid":{"rendered":"http:\/\/amg-pellet.pl\/?page_id=286"},"modified":"2026-04-27T10:06:52","modified_gmt":"2026-04-27T08:06:52","slug":"regulamin","status":"publish","type":"page","link":"https:\/\/amg-pellet.pl\/?page_id=286","title":{"rendered":"Regulamin"},"content":{"rendered":"<p>1.\u2060 \u2060Informacje og\u00f3lne<\/p>\n<p>W\u0142a\u015bcicielem sklepu jest firma &#8222;AMG&#8221; Adrian Grzywacz z siedzib\u0105 w 89-650 Czersk, Polana 1,<br \/>\nNIP: 555-201-91-12.<br \/>\nKontakt:<br \/>\ntel. +48726225999,<br \/>\n e-mail: biuro@amg-pellet.pl<\/p>\n<p>2.\u2060 \u2060Zam\u00f3wienia i Ceny<\/p>\n<p>Wszystkie ceny podane w sklepie s\u0105 cenami brutto (zawieraj\u0105 podatek VAT).<br \/>\nZam\u00f3wienia mo\u017cna sk\u0142ada\u0107 przez stron\u0119 internetow\u0105 24h na dob\u0119.<br \/>\nWa\u017cne: Ze wzgl\u0119du na specyfikacj\u0119 towaru (waga, gabaryt), ostateczny koszt transportu jest ustalany indywidualnie z klientem po z\u0142o\u017ceniu zam\u00f3wienia.<\/p>\n<p>3.\u2060 \u2060P\u0142atno\u015bci<\/p>\n<p>Sklep umo\u017cliwia p\u0142atno\u015b\u0107 przelewem tradycyjnym na konto bankowe: 54102014910000440200960609.<br \/>\nTowar zostaje wys\u0142any po zaksi\u0119gowaniu wp\u0142aty na koncie lub wed\u0142ug indywidualnych ustale\u0144 telefonicznych.<\/p>\n<p>4.\u2060 \u2060Dostawa<\/p>\n<p>Produkty takie jak pellet i palisady dostarczane s\u0105 transportem ci\u0119\u017carowym (paletowym).<br \/>\nKlient jest zobowi\u0105zany do zapewnienia mo\u017cliwo\u015bci dojazdu i roz\u0142adunku samochodu ci\u0119\u017carowego w miejscu dostawy.<\/p>\n<p>5.\u2060 \u2060Zwroty i Reklamacje<\/p>\n<p>Klient (konsument) ma prawo do zwrotu towaru w ci\u0105gu 14 dni bez podania przyczyny, pod warunkiem, \u017ce towar jest w stanie nienaruszonym (np. worki pelletu nie s\u0105 rozci\u0119te).<br \/>\nWyj\u0105tek: Prawo do zwrotu nie przys\u0142uguje w przypadku produkt\u00f3w wykonanych na specjalne zam\u00f3wienie (np. palisady docinane pod wymiar klienta).<br \/>\nBezpo\u015bredni koszt zwrotu towaru (transportu paletowego) pokrywa Kupuj\u0105cy.<\/p>\n","protected":false},"excerpt":{"rendered":"<p>1.\u2060 \u2060Informacje og\u00f3lne W\u0142a\u015bcicielem sklepu jest firma &#8222;AMG&#8221; Adrian Grzywacz z siedzib\u0105 w 89-650 Czersk, Polana 1, NIP: 555-201-91-12. Kontakt: [&hellip;]<\/p>\n","protected":false},"author":1,"featured_media":0,"parent":0,"menu_order":0,"comment_status":"closed","ping_status":"closed","template":"","meta":{"site-sidebar-layout":"default","site-content-layout":"","ast-site-content-layout":"default","site-content-style":"default","site-sidebar-style":"default","ast-global-header-display":"","ast-banner-title-visibility":"","ast-main-header-display":"","ast-hfb-above-header-display":"","ast-hfb-below-header-display":"","ast-hfb-mobile-header-display":"","site-post-title":"","ast-breadcrumbs-content":"","ast-featured-img":"","footer-sml-layout":"","ast-disable-related-posts":"","theme-transparent-header-meta":"","adv-header-id-meta":"","stick-header-meta":"","header-above-stick-meta":"","header-main-stick-meta":"","header-below-stick-meta":"","astra-migrate-meta-layouts":"default","ast-page-background-enabled":"default","ast-page-background-meta":{"desktop":{"background-color":"var(--ast-global-color-5)","background-image":"","background-repeat":"repeat","background-position":"center center","background-size":"auto","background-attachment":"scroll","background-type":"","background-media":"","overlay-type":"","overlay-color":"","overlay-opacity":"","overlay-gradient":""},"tablet":{"background-color":"","background-image":"","background-repeat":"repeat","background-position":"center center","background-size":"auto","background-attachment":"scroll","background-type":"","background-media":"","overlay-type":"","overlay-color":"","overlay-opacity":"","overlay-gradient":""},"mobile":{"background-color":"","background-image":"","background-repeat":"repeat","background-position":"center center","background-size":"auto","background-attachment":"scroll","background-type":"","background-media":"","overlay-type":"","overlay-color":"","overlay-opacity":"","overlay-gradient":""}},"ast-content-background-meta":{"desktop":{"background-color":"var(--ast-global-color-4)","background-image":"","background-repeat":"repeat","background-position":"center center","background-size":"auto","background-attachment":"scroll","background-type":"","background-media":"","overlay-type":"","overlay-color":"","overlay-opacity":"","overlay-gradient":""},"tablet":{"background-color":"var(--ast-global-color-4)","background-image":"","background-repeat":"repeat","background-position":"center center","background-size":"auto","background-attachment":"scroll","background-type":"","background-media":"","overlay-type":"","overlay-color":"","overlay-opacity":"","overlay-gradient":""},"mobile":{"background-color":"var(--ast-global-color-4)","background-image":"","background-repeat":"repeat","background-position":"center center","background-size":"auto","background-attachment":"scroll","background-type":"","background-media":"","overlay-type":"","overlay-color":"","overlay-opacity":"","overlay-gradient":""}},"footnotes":""},"class_list":["post-286","page","type-page","status-publish","hentry"],"_links":{"self":[{"href":"https:\/\/amg-pellet.pl\/index.php?rest_route=\/wp\/v2\/pages\/286","targetHints":{"allow":["GET"]}}],"collection":[{"href":"https:\/\/amg-pellet.pl\/index.php?rest_route=\/wp\/v2\/pages"}],"about":[{"href":"https:\/\/amg-pellet.pl\/index.php?rest_route=\/wp\/v2\/types\/page"}],"author":[{"embeddable":true,"href":"https:\/\/amg-pellet.pl\/index.php?rest_route=\/wp\/v2\/users\/1"}],"replies":[{"embeddable":true,"href":"https:\/\/amg-pellet.pl\/index.php?rest_route=%2Fwp%2Fv2%2Fcomments&post=286"}],"version-history":[{"count":5,"href":"https:\/\/amg-pellet.pl\/index.php?rest_route=\/wp\/v2\/pages\/286\/revisions"}],"predecessor-version":[{"id":310,"href":"https:\/\/amg-pellet.pl\/index.php?rest_route=\/wp\/v2\/pages\/286\/revisions\/310"}],"wp:attachment":[{"href":"https:\/\/amg-pellet.pl\/index.php?rest_route=%2Fwp%2Fv2%2Fmedia&parent=286"}],"curies":[{"name":"wp","href":"https:\/\/api.w.org\/{rel}","templated":true}]}}