{"id":3,"date":"2026-04-15T12:41:12","date_gmt":"2026-04-15T10:41:12","guid":{"rendered":"https:\/\/example.com\/?page_id=3"},"modified":"2026-04-24T16:59:24","modified_gmt":"2026-04-24T14:59:24","slug":"polityka-prywatnosci","status":"publish","type":"page","link":"https:\/\/amg-pellet.pl\/?page_id=3","title":{"rendered":"Polityka prywatno\u015bci"},"content":{"rendered":"<p>1.\u2060 \u2060Administrator Danych Osobowych<\/p>\n<p>Administratorem Pa\u0144stwa danych osobowych jest firma &#8222;AMG&#8221; Adrian Grzywacz z siedzib\u0105 w 89-650 Czersk; Polana 1, NIP: 555-201-91-12.<\/p>\n<p>2.\u2060 \u2060Jakie dane przetwarzamy?<br \/>\nPrzetwarzamy dane niezb\u0119dne do realizacji zam\u00f3wienia oraz kontaktu z Pa\u0144stwem:<br \/>\nImi\u0119 i nazwisko,<br \/>\nAdres dostawy (dla kuriera),<br \/>\nNumer telefonu (do ustalenia transportu),<br \/>\nAdres e-mail (do powiadomie\u0144 o zam\u00f3wieniu).<\/p>\n<p>3.\u2060 \u2060Cel przetwarzania danych<br \/>\nPa\u0144stwa dane s\u0105 wykorzystywane wy\u0142\u0105cznie w celu:<br \/>\nRealizacji zam\u00f3wienia i wysy\u0142ki towaru (pelletu, palisad, ozd\u00f3b).<br \/>\nWystawienia faktury lub paragonu.<br \/>\nKontaktu telefonicznego w celu wyceny transportu.<\/p>\n<p>4.\u2060 \u2060Komu przekazujemy dane?<br \/>\nPa\u0144stwa dane przekazujemy tylko podmiotom niezb\u0119dnym do realizacji zam\u00f3wienia:<br \/>\nFirmom kurierskim lub transportowym (aby wiedzia\u0142y, gdzie dowie\u017a\u0107 palet\u0119).<br \/>\nBiuru rachunkowemu (w celu rozliczenia faktury).<br \/>\nSystemom p\u0142atno\u015bci (je\u015bli wybior\u0105 Pa\u0144stwo p\u0142atno\u015b\u0107 online).<\/p>\n<p>5.\u2060 \u2060Pa\u0144stwa prawa<br \/>\nMaj\u0105 Pa\u0144stwo prawo do wgl\u0105du w swoje dane, ich poprawiania oraz \u017c\u0105dania ich usuni\u0119cia. W tym celu prosimy o kontakt na adres e-mail: sklep@amg-pellet.pl<\/p>\n<p>6.\u2060 \u2060Pliki Cookies<br \/>\nNasza strona korzysta z plik\u00f3w cookies, aby zapewni\u0107 poprawne dzia\u0142anie koszyka i statystyk strony. Mog\u0105 Pa\u0144stwo zmieni\u0107 ustawienia cookies w swojej przegl\u0105darce.<\/p>\n","protected":false},"excerpt":{"rendered":"<p>1.\u2060 \u2060Administrator Danych Osobowych Administratorem Pa\u0144stwa danych osobowych jest firma &#8222;AMG&#8221; Adrian Grzywacz z siedzib\u0105 w 89-650 Czersk; Polana 1, [&hellip;]<\/p>\n","protected":false},"author":1,"featured_media":0,"parent":0,"menu_order":0,"comment_status":"closed","ping_status":"open","template":"","meta":{"site-sidebar-layout":"default","site-content-layout":"","ast-site-content-layout":"default","site-content-style":"default","site-sidebar-style":"default","ast-global-header-display":"","ast-banner-title-visibility":"","ast-main-header-display":"","ast-hfb-above-header-display":"","ast-hfb-below-header-display":"","ast-hfb-mobile-header-display":"","site-post-title":"","ast-breadcrumbs-content":"","ast-featured-img":"","footer-sml-layout":"","ast-disable-related-posts":"","theme-transparent-header-meta":"","adv-header-id-meta":"","stick-header-meta":"","header-above-stick-meta":"","header-main-stick-meta":"","header-below-stick-meta":"","astra-migrate-meta-layouts":"default","ast-page-background-enabled":"default","ast-page-background-meta":{"desktop":{"background-color":"var(--ast-global-color-5)","background-image":"","background-repeat":"repeat","background-position":"center center","background-size":"auto","background-attachment":"scroll","background-type":"","background-media":"","overlay-type":"","overlay-color":"","overlay-opacity":"","overlay-gradient":""},"tablet":{"background-color":"","background-image":"","background-repeat":"repeat","background-position":"center center","background-size":"auto","background-attachment":"scroll","background-type":"","background-media":"","overlay-type":"","overlay-color":"","overlay-opacity":"","overlay-gradient":""},"mobile":{"background-color":"","background-image":"","background-repeat":"repeat","background-position":"center center","background-size":"auto","background-attachment":"scroll","background-type":"","background-media":"","overlay-type":"","overlay-color":"","overlay-opacity":"","overlay-gradient":""}},"ast-content-background-meta":{"desktop":{"background-color":"var(--ast-global-color-4)","background-image":"","background-repeat":"repeat","background-position":"center center","background-size":"auto","background-attachment":"scroll","background-type":"","background-media":"","overlay-type":"","overlay-color":"","overlay-opacity":"","overlay-gradient":""},"tablet":{"background-color":"var(--ast-global-color-4)","background-image":"","background-repeat":"repeat","background-position":"center center","background-size":"auto","background-attachment":"scroll","background-type":"","background-media":"","overlay-type":"","overlay-color":"","overlay-opacity":"","overlay-gradient":""},"mobile":{"background-color":"var(--ast-global-color-4)","background-image":"","background-repeat":"repeat","background-position":"center center","background-size":"auto","background-attachment":"scroll","background-type":"","background-media":"","overlay-type":"","overlay-color":"","overlay-opacity":"","overlay-gradient":""}},"footnotes":""},"class_list":["post-3","page","type-page","status-publish","hentry"],"_links":{"self":[{"href":"https:\/\/amg-pellet.pl\/index.php?rest_route=\/wp\/v2\/pages\/3","targetHints":{"allow":["GET"]}}],"collection":[{"href":"https:\/\/amg-pellet.pl\/index.php?rest_route=\/wp\/v2\/pages"}],"about":[{"href":"https:\/\/amg-pellet.pl\/index.php?rest_route=\/wp\/v2\/types\/page"}],"author":[{"embeddable":true,"href":"https:\/\/amg-pellet.pl\/index.php?rest_route=\/wp\/v2\/users\/1"}],"replies":[{"embeddable":true,"href":"https:\/\/amg-pellet.pl\/index.php?rest_route=%2Fwp%2Fv2%2Fcomments&post=3"}],"version-history":[{"count":3,"href":"https:\/\/amg-pellet.pl\/index.php?rest_route=\/wp\/v2\/pages\/3\/revisions"}],"predecessor-version":[{"id":301,"href":"https:\/\/amg-pellet.pl\/index.php?rest_route=\/wp\/v2\/pages\/3\/revisions\/301"}],"wp:attachment":[{"href":"https:\/\/amg-pellet.pl\/index.php?rest_route=%2Fwp%2Fv2%2Fmedia&parent=3"}],"curies":[{"name":"wp","href":"https:\/\/api.w.org\/{rel}","templated":true}]}}