{"id":42,"date":"2026-04-17T15:20:00","date_gmt":"2026-04-17T13:20:00","guid":{"rendered":"http:\/\/amg-pellet.pl\/?post_type=product&#038;p=42"},"modified":"2026-04-29T13:42:00","modified_gmt":"2026-04-29T11:42:00","slug":"amg-pellet-premium","status":"publish","type":"product","link":"https:\/\/amg-pellet.pl\/?product=amg-pellet-premium","title":{"rendered":"AMG pellet premium"},"content":{"rendered":"<p>\u015arednica: 6mm<\/p>\n<p>Zawarto\u015b\u0107 Wilgoci: poni\u017cej 8%<\/p>\n<p>Zawarto\u015b\u0107 popio\u0142u: poni\u017cej 0,5%<\/p>\n<p>Warto\u015b\u0107 opa\u0142owa: powy\u017cej 4,8 kWh\/kg<\/p>\n<p>G\u0119sto\u015b\u0107 nasypowa: powy\u017cej 670 kg\/m\u00b3<\/p>\n<p>Zawarto\u015b\u0107 frakcji drobnej (py\u0142 w worku): poni\u017cej 0,5%<\/p>\n","protected":false},"excerpt":{"rendered":"<p>Pellet AMG Premium to wysokiej jako\u015bci biopaliwo drzewne przeznaczone do nowoczesnych kot\u0142\u00f3w i piec\u00f3w na pellet. Produkowany jest z czystych trocin drzewnych, bez dodatk\u00f3w chemicznych i klej\u00f3w, co gwarantuje bezpieczne i ekologiczne spalanie. Charakteryzuje si\u0119 wysok\u0105 warto\u015bci\u0105 opa\u0142ow\u0105, nisk\u0105 wilgotno\u015bci\u0105 oraz minimaln\u0105 ilo\u015bci\u0105 popio\u0142u, dzi\u0119ki czemu zapewnia wydajne ogrzewanie i ogranicza konieczno\u015b\u0107 cz\u0119stego czyszczenia urz\u0105dzenia. To idealny wyb\u00f3r dla os\u00f3b ceni\u0105cych komfort, oszcz\u0119dno\u015b\u0107 i dba\u0142o\u015b\u0107 o \u015brodowisko.<\/p>\n","protected":false},"featured_media":312,"template":"","meta":{"site-sidebar-layout":"default","site-content-layout":"","ast-site-content-layout":"default","site-content-style":"default","site-sidebar-style":"default","ast-global-header-display":"","ast-banner-title-visibility":"","ast-main-header-display":"","ast-hfb-above-header-display":"","ast-hfb-below-header-display":"","ast-hfb-mobile-header-display":"","site-post-title":"","ast-breadcrumbs-content":"","ast-featured-img":"","footer-sml-layout":"","ast-disable-related-posts":"","theme-transparent-header-meta":"default","adv-header-id-meta":"","stick-header-meta":"","header-above-stick-meta":"","header-main-stick-meta":"","header-below-stick-meta":"","astra-migrate-meta-layouts":"set","ast-page-background-enabled":"default","ast-page-background-meta":{"desktop":{"background-color":"var(--ast-global-color-5)","background-image":"","background-repeat":"repeat","background-position":"center center","background-size":"auto","background-attachment":"scroll","background-type":"","background-media":"","overlay-type":"","overlay-color":"","overlay-opacity":"","overlay-gradient":""},"tablet":{"background-color":"","background-image":"","background-repeat":"repeat","background-position":"center center","background-size":"auto","background-attachment":"scroll","background-type":"","background-media":"","overlay-type":"","overlay-color":"","overlay-opacity":"","overlay-gradient":""},"mobile":{"background-color":"","background-image":"","background-repeat":"repeat","background-position":"center center","background-size":"auto","background-attachment":"scroll","background-type":"","background-media":"","overlay-type":"","overlay-color":"","overlay-opacity":"","overlay-gradient":""}},"ast-content-background-meta":{"desktop":{"background-color":"var(--ast-global-color-4)","background-image":"","background-repeat":"repeat","background-position":"center center","background-size":"auto","background-attachment":"scroll","background-type":"","background-media":"","overlay-type":"","overlay-color":"","overlay-opacity":"","overlay-gradient":""},"tablet":{"background-color":"var(--ast-global-color-4)","background-image":"","background-repeat":"repeat","background-position":"center center","background-size":"auto","background-attachment":"scroll","background-type":"","background-media":"","overlay-type":"","overlay-color":"","overlay-opacity":"","overlay-gradient":""},"mobile":{"background-color":"var(--ast-global-color-4)","background-image":"","background-repeat":"repeat","background-position":"center center","background-size":"auto","background-attachment":"scroll","background-type":"","background-media":"","overlay-type":"","overlay-color":"","overlay-opacity":"","overlay-gradient":""}}},"product_brand":[26],"product_cat":[18],"product_tag":[23,22,19,20,21,24,25],"class_list":{"0":"post-42","1":"product","2":"type-product","3":"status-publish","4":"has-post-thumbnail","6":"product_brand-amg","7":"product_cat-pellet","8":"product_tag-a1","9":"product_tag-jasny","10":"product_tag-pellet","11":"product_tag-premium","12":"product_tag-sosnowy","13":"product_tag-wydajny","14":"product_tag-wysokokaloryczny","15":"desktop-align-left","16":"tablet-align-left","17":"mobile-align-left","19":"first","20":"instock","21":"shipping-taxable","22":"purchasable","23":"product-type-simple"},"_links":{"self":[{"href":"https:\/\/amg-pellet.pl\/index.php?rest_route=\/wp\/v2\/product\/42","targetHints":{"allow":["GET"]}}],"collection":[{"href":"https:\/\/amg-pellet.pl\/index.php?rest_route=\/wp\/v2\/product"}],"about":[{"href":"https:\/\/amg-pellet.pl\/index.php?rest_route=\/wp\/v2\/types\/product"}],"wp:featuredmedia":[{"embeddable":true,"href":"https:\/\/amg-pellet.pl\/index.php?rest_route=\/wp\/v2\/media\/312"}],"wp:attachment":[{"href":"https:\/\/amg-pellet.pl\/index.php?rest_route=%2Fwp%2Fv2%2Fmedia&parent=42"}],"wp:term":[{"taxonomy":"product_brand","embeddable":true,"href":"https:\/\/amg-pellet.pl\/index.php?rest_route=%2Fwp%2Fv2%2Fproduct_brand&post=42"},{"taxonomy":"product_cat","embeddable":true,"href":"https:\/\/amg-pellet.pl\/index.php?rest_route=%2Fwp%2Fv2%2Fproduct_cat&post=42"},{"taxonomy":"product_tag","embeddable":true,"href":"https:\/\/amg-pellet.pl\/index.php?rest_route=%2Fwp%2Fv2%2Fproduct_tag&post=42"}],"curies":[{"name":"wp","href":"https:\/\/api.w.org\/{rel}","templated":true}]}}