{"id":44,"date":"2026-04-17T15:57:26","date_gmt":"2026-04-17T13:57:26","guid":{"rendered":"http:\/\/amg-pellet.pl\/?post_type=product&#038;p=44"},"modified":"2026-04-29T13:41:30","modified_gmt":"2026-04-29T11:41:30","slug":"amg-pellet-kraft","status":"publish","type":"product","link":"https:\/\/amg-pellet.pl\/?product=amg-pellet-kraft","title":{"rendered":"AMG pellet kraft"},"content":{"rendered":"<p>\u015arednica: 6mm<\/p>\n<p>Zawarto\u015b\u0107 wilgoci: poni\u017cej 9%<\/p>\n<p>Zawarto\u015b\u0107 popio\u0142u: poni\u017cej 0,55%<\/p>\n<p>Warto\u015b\u0107 opa\u0142owa: powy\u017cej 4,7 kWh\/kg<\/p>\n<p>G\u0119sto\u015b\u0107 nasypowa: powy\u017cej 670 kg\/m\u00b3<\/p>\n<p>Zawarto\u015b\u0107 frakcji drobnej (py\u0142 w worku): poni\u017cej 0,5%<\/p>\n","protected":false},"excerpt":{"rendered":"<p>Pellet AMG Kraft A1 to wysokiej jako\u015bci paliwo drzewne w korzystniejszej cenie, spe\u0142niaj\u0105ce norm\u0119 A1. Produkowany g\u0142\u00f3wnie z drewna sosnowego, ma nieco ciemniejszy kolor, wynikaj\u0105cy z procesu suszenia, co nie wp\u0142ywa na jego parametry spalania. Charakteryzuje si\u0119 dobr\u0105 warto\u015bci\u0105 opa\u0142ow\u0105, nisk\u0105 wilgotno\u015bci\u0105 oraz kontrolowan\u0105 ilo\u015bci\u0105 popio\u0142u. To solidny wyb\u00f3r dla os\u00f3b szukaj\u0105cych ekonomicznego pelletu o sprawdzonej jako\u015bci i stabilnym spalaniu.<\/p>\n","protected":false},"featured_media":322,"template":"","meta":{"site-sidebar-layout":"default","site-content-layout":"","ast-site-content-layout":"default","site-content-style":"default","site-sidebar-style":"default","ast-global-header-display":"","ast-banner-title-visibility":"","ast-main-header-display":"","ast-hfb-above-header-display":"","ast-hfb-below-header-display":"","ast-hfb-mobile-header-display":"","site-post-title":"","ast-breadcrumbs-content":"","ast-featured-img":"","footer-sml-layout":"","ast-disable-related-posts":"","theme-transparent-header-meta":"default","adv-header-id-meta":"","stick-header-meta":"","header-above-stick-meta":"","header-main-stick-meta":"","header-below-stick-meta":"","astra-migrate-meta-layouts":"set","ast-page-background-enabled":"default","ast-page-background-meta":{"desktop":{"background-color":"var(--ast-global-color-5)","background-image":"","background-repeat":"repeat","background-position":"center center","background-size":"auto","background-attachment":"scroll","background-type":"","background-media":"","overlay-type":"","overlay-color":"","overlay-opacity":"","overlay-gradient":""},"tablet":{"background-color":"","background-image":"","background-repeat":"repeat","background-position":"center center","background-size":"auto","background-attachment":"scroll","background-type":"","background-media":"","overlay-type":"","overlay-color":"","overlay-opacity":"","overlay-gradient":""},"mobile":{"background-color":"","background-image":"","background-repeat":"repeat","background-position":"center center","background-size":"auto","background-attachment":"scroll","background-type":"","background-media":"","overlay-type":"","overlay-color":"","overlay-opacity":"","overlay-gradient":""}},"ast-content-background-meta":{"desktop":{"background-color":"var(--ast-global-color-4)","background-image":"","background-repeat":"repeat","background-position":"center center","background-size":"auto","background-attachment":"scroll","background-type":"","background-media":"","overlay-type":"","overlay-color":"","overlay-opacity":"","overlay-gradient":""},"tablet":{"background-color":"var(--ast-global-color-4)","background-image":"","background-repeat":"repeat","background-position":"center center","background-size":"auto","background-attachment":"scroll","background-type":"","background-media":"","overlay-type":"","overlay-color":"","overlay-opacity":"","overlay-gradient":""},"mobile":{"background-color":"var(--ast-global-color-4)","background-image":"","background-repeat":"repeat","background-position":"center center","background-size":"auto","background-attachment":"scroll","background-type":"","background-media":"","overlay-type":"","overlay-color":"","overlay-opacity":"","overlay-gradient":""}}},"product_brand":[26],"product_cat":[18],"product_tag":[23,27,28,19,21,25],"class_list":{"0":"post-44","1":"product","2":"type-product","3":"status-publish","4":"has-post-thumbnail","6":"product_brand-amg","7":"product_cat-pellet","8":"product_tag-a1","9":"product_tag-kraft","10":"product_tag-opal","11":"product_tag-pellet","12":"product_tag-sosnowy","13":"product_tag-wysokokaloryczny","14":"desktop-align-left","15":"tablet-align-left","16":"mobile-align-left","18":"first","19":"instock","20":"shipping-taxable","21":"purchasable","22":"product-type-simple"},"_links":{"self":[{"href":"https:\/\/amg-pellet.pl\/index.php?rest_route=\/wp\/v2\/product\/44","targetHints":{"allow":["GET"]}}],"collection":[{"href":"https:\/\/amg-pellet.pl\/index.php?rest_route=\/wp\/v2\/product"}],"about":[{"href":"https:\/\/amg-pellet.pl\/index.php?rest_route=\/wp\/v2\/types\/product"}],"wp:featuredmedia":[{"embeddable":true,"href":"https:\/\/amg-pellet.pl\/index.php?rest_route=\/wp\/v2\/media\/322"}],"wp:attachment":[{"href":"https:\/\/amg-pellet.pl\/index.php?rest_route=%2Fwp%2Fv2%2Fmedia&parent=44"}],"wp:term":[{"taxonomy":"product_brand","embeddable":true,"href":"https:\/\/amg-pellet.pl\/index.php?rest_route=%2Fwp%2Fv2%2Fproduct_brand&post=44"},{"taxonomy":"product_cat","embeddable":true,"href":"https:\/\/amg-pellet.pl\/index.php?rest_route=%2Fwp%2Fv2%2Fproduct_cat&post=44"},{"taxonomy":"product_tag","embeddable":true,"href":"https:\/\/amg-pellet.pl\/index.php?rest_route=%2Fwp%2Fv2%2Fproduct_tag&post=44"}],"curies":[{"name":"wp","href":"https:\/\/api.w.org\/{rel}","templated":true}]}}