{"id":46,"date":"2026-04-17T16:12:24","date_gmt":"2026-04-17T14:12:24","guid":{"rendered":"http:\/\/amg-pellet.pl\/?post_type=product&#038;p=46"},"modified":"2026-04-29T13:40:56","modified_gmt":"2026-04-29T11:40:56","slug":"pellet-sosna-dab-a1","status":"publish","type":"product","link":"https:\/\/amg-pellet.pl\/?product=pellet-sosna-dab-a1","title":{"rendered":"Pellet Sosna-D\u0105b A1"},"content":{"rendered":"<p>\u015arednica: 6mm<\/p>\n<p>Zawarto\u015b\u0107 wilgoci: poni\u017cej 9%<\/p>\n<p>Zawarto\u015b\u0107 popio\u0142u: poni\u017cej 0,55%<\/p>\n<p>Warto\u015b\u0107 opa\u0142owa: powy\u017cej 4,7 kWh\/kg<\/p>\n<p>G\u0119sto\u015b\u0107 Obj\u0119to\u015bciowa: powy\u017cej 670 kg\/m\u00b3<\/p>\n<p>Zawarto\u015b\u0107 frakcji drobnej(py\u0142 w worku): poni\u017cej 0,5%<\/p>\n","protected":false},"excerpt":{"rendered":"<p>Pellet A1 sosna\/d\u0105b (75% \/ 25%) to wysokiej jako\u015bci paliwo drzewne \u0142\u0105cz\u0105ce zalety drewna iglastego i li\u015bciastego. Dzi\u0119ki przewadze sosny zapewnia \u0142atwe rozpalanie i stabilne spalanie, natomiast domieszka d\u0119bu podnosi kaloryczno\u015b\u0107 i wyd\u0142u\u017ca czas palenia. Spe\u0142nia norm\u0119 A1, co gwarantuje nisk\u0105 wilgotno\u015b\u0107 i niewielk\u0105 ilo\u015b\u0107 popio\u0142u, przek\u0142adaj\u0105c si\u0119 na wydajne i czyste ogrzewanie. To dobry wyb\u00f3r dla os\u00f3b szukaj\u0105cych kompromisu mi\u0119dzy moc\u0105 grzewcz\u0105 a komfortem u\u017cytkowania.<\/p>\n","protected":false},"featured_media":47,"template":"","meta":{"site-sidebar-layout":"default","site-content-layout":"","ast-site-content-layout":"default","site-content-style":"default","site-sidebar-style":"default","ast-global-header-display":"","ast-banner-title-visibility":"","ast-main-header-display":"","ast-hfb-above-header-display":"","ast-hfb-below-header-display":"","ast-hfb-mobile-header-display":"","site-post-title":"","ast-breadcrumbs-content":"","ast-featured-img":"","footer-sml-layout":"","ast-disable-related-posts":"","theme-transparent-header-meta":"default","adv-header-id-meta":"","stick-header-meta":"","header-above-stick-meta":"","header-main-stick-meta":"","header-below-stick-meta":"","astra-migrate-meta-layouts":"set","ast-page-background-enabled":"default","ast-page-background-meta":{"desktop":{"background-color":"var(--ast-global-color-5)","background-image":"","background-repeat":"repeat","background-position":"center center","background-size":"auto","background-attachment":"scroll","background-type":"","background-media":"","overlay-type":"","overlay-color":"","overlay-opacity":"","overlay-gradient":""},"tablet":{"background-color":"","background-image":"","background-repeat":"repeat","background-position":"center center","background-size":"auto","background-attachment":"scroll","background-type":"","background-media":"","overlay-type":"","overlay-color":"","overlay-opacity":"","overlay-gradient":""},"mobile":{"background-color":"","background-image":"","background-repeat":"repeat","background-position":"center center","background-size":"auto","background-attachment":"scroll","background-type":"","background-media":"","overlay-type":"","overlay-color":"","overlay-opacity":"","overlay-gradient":""}},"ast-content-background-meta":{"desktop":{"background-color":"var(--ast-global-color-4)","background-image":"","background-repeat":"repeat","background-position":"center center","background-size":"auto","background-attachment":"scroll","background-type":"","background-media":"","overlay-type":"","overlay-color":"","overlay-opacity":"","overlay-gradient":""},"tablet":{"background-color":"var(--ast-global-color-4)","background-image":"","background-repeat":"repeat","background-position":"center center","background-size":"auto","background-attachment":"scroll","background-type":"","background-media":"","overlay-type":"","overlay-color":"","overlay-opacity":"","overlay-gradient":""},"mobile":{"background-color":"var(--ast-global-color-4)","background-image":"","background-repeat":"repeat","background-position":"center center","background-size":"auto","background-attachment":"scroll","background-type":"","background-media":"","overlay-type":"","overlay-color":"","overlay-opacity":"","overlay-gradient":""}}},"product_brand":[26],"product_cat":[18],"product_tag":[23,30,28,19,29,31,25],"class_list":{"0":"post-46","1":"product","2":"type-product","3":"status-publish","4":"has-post-thumbnail","6":"product_brand-amg","7":"product_cat-pellet","8":"product_tag-a1","9":"product_tag-dab","10":"product_tag-opal","11":"product_tag-pellet","12":"product_tag-sosna","13":"product_tag-sosnowo-debowy","14":"product_tag-wysokokaloryczny","15":"desktop-align-left","16":"tablet-align-left","17":"mobile-align-left","19":"first","20":"instock","21":"shipping-taxable","22":"purchasable","23":"product-type-simple"},"_links":{"self":[{"href":"https:\/\/amg-pellet.pl\/index.php?rest_route=\/wp\/v2\/product\/46","targetHints":{"allow":["GET"]}}],"collection":[{"href":"https:\/\/amg-pellet.pl\/index.php?rest_route=\/wp\/v2\/product"}],"about":[{"href":"https:\/\/amg-pellet.pl\/index.php?rest_route=\/wp\/v2\/types\/product"}],"wp:featuredmedia":[{"embeddable":true,"href":"https:\/\/amg-pellet.pl\/index.php?rest_route=\/wp\/v2\/media\/47"}],"wp:attachment":[{"href":"https:\/\/amg-pellet.pl\/index.php?rest_route=%2Fwp%2Fv2%2Fmedia&parent=46"}],"wp:term":[{"taxonomy":"product_brand","embeddable":true,"href":"https:\/\/amg-pellet.pl\/index.php?rest_route=%2Fwp%2Fv2%2Fproduct_brand&post=46"},{"taxonomy":"product_cat","embeddable":true,"href":"https:\/\/amg-pellet.pl\/index.php?rest_route=%2Fwp%2Fv2%2Fproduct_cat&post=46"},{"taxonomy":"product_tag","embeddable":true,"href":"https:\/\/amg-pellet.pl\/index.php?rest_route=%2Fwp%2Fv2%2Fproduct_tag&post=46"}],"curies":[{"name":"wp","href":"https:\/\/api.w.org\/{rel}","templated":true}]}}