{"id":57,"date":"2026-04-20T12:11:32","date_gmt":"2026-04-20T10:11:32","guid":{"rendered":"http:\/\/amg-pellet.pl\/?post_type=product&#038;p=57"},"modified":"2026-04-20T16:08:48","modified_gmt":"2026-04-20T14:08:48","slug":"donica-jelonek-3","status":"publish","type":"product","link":"https:\/\/amg-pellet.pl\/?product=donica-jelonek-3","title":{"rendered":"Donica jelonek"},"content":{"rendered":"<p>Materia\u0142 wykonania: drewno sosnowe<\/p>\n<p>Liczba miejsc na kwiaty: 3<\/p>\n<p>Typ: Ozdoba wolnostoj\u0105ca<\/p>\n","protected":false},"excerpt":{"rendered":"<p>Drewniana doniczka ogrodowa w kszta\u0142cie jelenia to wyj\u0105tkowa ozdoba, kt\u00f3ra nada Twojemu ogrodowi naturalnego i le\u015bnego charakteru. Wykonana z solidnego drewna, \u0142\u0105czy funkcjonalno\u015b\u0107 z estetyk\u0105 \u2013 idealnie sprawdzi si\u0119 jako miejsce na kwiaty, zio\u0142a lub kompozycje sezonowe. Starannie wykonane detale sprawiaj\u0105, \u017ce przyci\u0105ga wzrok i stanowi oryginalny element dekoracyjny na tarasie, balkonie lub w ogrodzie.<\/p>\n","protected":false},"featured_media":237,"template":"","meta":{"site-sidebar-layout":"default","site-content-layout":"","ast-site-content-layout":"default","site-content-style":"default","site-sidebar-style":"default","ast-global-header-display":"","ast-banner-title-visibility":"","ast-main-header-display":"","ast-hfb-above-header-display":"","ast-hfb-below-header-display":"","ast-hfb-mobile-header-display":"","site-post-title":"","ast-breadcrumbs-content":"","ast-featured-img":"","footer-sml-layout":"","ast-disable-related-posts":"","theme-transparent-header-meta":"default","adv-header-id-meta":"","stick-header-meta":"","header-above-stick-meta":"","header-main-stick-meta":"","header-below-stick-meta":"","astra-migrate-meta-layouts":"set","ast-page-background-enabled":"default","ast-page-background-meta":{"desktop":{"background-color":"var(--ast-global-color-5)","background-image":"","background-repeat":"repeat","background-position":"center center","background-size":"auto","background-attachment":"scroll","background-type":"","background-media":"","overlay-type":"","overlay-color":"","overlay-opacity":"","overlay-gradient":""},"tablet":{"background-color":"","background-image":"","background-repeat":"repeat","background-position":"center center","background-size":"auto","background-attachment":"scroll","background-type":"","background-media":"","overlay-type":"","overlay-color":"","overlay-opacity":"","overlay-gradient":""},"mobile":{"background-color":"","background-image":"","background-repeat":"repeat","background-position":"center center","background-size":"auto","background-attachment":"scroll","background-type":"","background-media":"","overlay-type":"","overlay-color":"","overlay-opacity":"","overlay-gradient":""}},"ast-content-background-meta":{"desktop":{"background-color":"var(--ast-global-color-4)","background-image":"","background-repeat":"repeat","background-position":"center center","background-size":"auto","background-attachment":"scroll","background-type":"","background-media":"","overlay-type":"","overlay-color":"","overlay-opacity":"","overlay-gradient":""},"tablet":{"background-color":"var(--ast-global-color-4)","background-image":"","background-repeat":"repeat","background-position":"center center","background-size":"auto","background-attachment":"scroll","background-type":"","background-media":"","overlay-type":"","overlay-color":"","overlay-opacity":"","overlay-gradient":""},"mobile":{"background-color":"var(--ast-global-color-4)","background-image":"","background-repeat":"repeat","background-position":"center center","background-size":"auto","background-attachment":"scroll","background-type":"","background-media":"","overlay-type":"","overlay-color":"","overlay-opacity":"","overlay-gradient":""}}},"product_brand":[],"product_cat":[32],"product_tag":[35,37,36,33,34],"class_list":{"0":"post-57","1":"product","2":"type-product","3":"status-publish","4":"has-post-thumbnail","6":"product_cat-ozdoby-ogrodowe","7":"product_tag-donica","8":"product_tag-drewno","9":"product_tag-jelen","10":"product_tag-ozdoba","11":"product_tag-ozdoba-ogrodowa","12":"desktop-align-left","13":"tablet-align-left","14":"mobile-align-left","16":"first","17":"instock","18":"shipping-taxable","19":"purchasable","20":"product-type-variable"},"_links":{"self":[{"href":"https:\/\/amg-pellet.pl\/index.php?rest_route=\/wp\/v2\/product\/57","targetHints":{"allow":["GET"]}}],"collection":[{"href":"https:\/\/amg-pellet.pl\/index.php?rest_route=\/wp\/v2\/product"}],"about":[{"href":"https:\/\/amg-pellet.pl\/index.php?rest_route=\/wp\/v2\/types\/product"}],"wp:featuredmedia":[{"embeddable":true,"href":"https:\/\/amg-pellet.pl\/index.php?rest_route=\/wp\/v2\/media\/237"}],"wp:attachment":[{"href":"https:\/\/amg-pellet.pl\/index.php?rest_route=%2Fwp%2Fv2%2Fmedia&parent=57"}],"wp:term":[{"taxonomy":"product_brand","embeddable":true,"href":"https:\/\/amg-pellet.pl\/index.php?rest_route=%2Fwp%2Fv2%2Fproduct_brand&post=57"},{"taxonomy":"product_cat","embeddable":true,"href":"https:\/\/amg-pellet.pl\/index.php?rest_route=%2Fwp%2Fv2%2Fproduct_cat&post=57"},{"taxonomy":"product_tag","embeddable":true,"href":"https:\/\/amg-pellet.pl\/index.php?rest_route=%2Fwp%2Fv2%2Fproduct_tag&post=57"}],"curies":[{"name":"wp","href":"https:\/\/api.w.org\/{rel}","templated":true}]}}