{"id":59,"date":"2026-04-20T12:15:27","date_gmt":"2026-04-20T10:15:27","guid":{"rendered":"http:\/\/amg-pellet.pl\/?post_type=product&#038;p=59"},"modified":"2026-04-20T12:26:43","modified_gmt":"2026-04-20T10:26:43","slug":"donica-koszyk","status":"publish","type":"product","link":"https:\/\/amg-pellet.pl\/?product=donica-koszyk","title":{"rendered":"Donica koszyk"},"content":{"rendered":"<p>Wysoko\u015b\u0107 ca\u0142kowita: 80 cm<\/p>\n<p>Szeroko\u015b\u0107 ca\u0142kowita: 60 cm<\/p>\n<p>D\u0142udo\u015b\u0107 ca\u0142kowita: 60 cm<\/p>\n<p>Materia\u0142 wykonania: drewno sosnowe<\/p>\n<p>Liczba miejsc na kwiaty: 5<\/p>\n<p>Typ: Ozdoba wolnostoj\u0105ca<\/p>\n","protected":false},"excerpt":{"rendered":"<p>Drewniany kosz na kwiaty z dekoracyjn\u0105 r\u0105czk\u0105 to wyj\u0105tkowe po\u0142\u0105czenie funkcjonalno\u015bci i naturalnego stylu. Wykonany z solidnego, opalanego drewna, zachwyca oryginaln\u0105 struktur\u0105 i r\u0119cznym wyko\u0144czeniem, kt\u00f3re nadaje mu niepowtarzalny charakter. Mo\u017ce pe\u0142ni\u0107 rol\u0119 zar\u00f3wno klasycznego kosza, jak i efektownej donicy na kwiaty, zio\u0142a lub kompozycje sezonowe. Stabilna podstawa i wygodny uchwyt sprawiaj\u0105, \u017ce \u015bwietnie sprawdzi si\u0119 w ogrodzie, na tarasie czy przy wej\u015bciu do domu, tworz\u0105c ciep\u0142y i przytulny klimat.<\/p>\n","protected":false},"featured_media":63,"template":"","meta":{"site-sidebar-layout":"default","site-content-layout":"","ast-site-content-layout":"default","site-content-style":"default","site-sidebar-style":"default","ast-global-header-display":"","ast-banner-title-visibility":"","ast-main-header-display":"","ast-hfb-above-header-display":"","ast-hfb-below-header-display":"","ast-hfb-mobile-header-display":"","site-post-title":"","ast-breadcrumbs-content":"","ast-featured-img":"","footer-sml-layout":"","ast-disable-related-posts":"","theme-transparent-header-meta":"default","adv-header-id-meta":"","stick-header-meta":"","header-above-stick-meta":"","header-main-stick-meta":"","header-below-stick-meta":"","astra-migrate-meta-layouts":"set","ast-page-background-enabled":"default","ast-page-background-meta":{"desktop":{"background-color":"var(--ast-global-color-5)","background-image":"","background-repeat":"repeat","background-position":"center center","background-size":"auto","background-attachment":"scroll","background-type":"","background-media":"","overlay-type":"","overlay-color":"","overlay-opacity":"","overlay-gradient":""},"tablet":{"background-color":"","background-image":"","background-repeat":"repeat","background-position":"center center","background-size":"auto","background-attachment":"scroll","background-type":"","background-media":"","overlay-type":"","overlay-color":"","overlay-opacity":"","overlay-gradient":""},"mobile":{"background-color":"","background-image":"","background-repeat":"repeat","background-position":"center center","background-size":"auto","background-attachment":"scroll","background-type":"","background-media":"","overlay-type":"","overlay-color":"","overlay-opacity":"","overlay-gradient":""}},"ast-content-background-meta":{"desktop":{"background-color":"var(--ast-global-color-4)","background-image":"","background-repeat":"repeat","background-position":"center center","background-size":"auto","background-attachment":"scroll","background-type":"","background-media":"","overlay-type":"","overlay-color":"","overlay-opacity":"","overlay-gradient":""},"tablet":{"background-color":"var(--ast-global-color-4)","background-image":"","background-repeat":"repeat","background-position":"center center","background-size":"auto","background-attachment":"scroll","background-type":"","background-media":"","overlay-type":"","overlay-color":"","overlay-opacity":"","overlay-gradient":""},"mobile":{"background-color":"var(--ast-global-color-4)","background-image":"","background-repeat":"repeat","background-position":"center center","background-size":"auto","background-attachment":"scroll","background-type":"","background-media":"","overlay-type":"","overlay-color":"","overlay-opacity":"","overlay-gradient":""}}},"product_brand":[],"product_cat":[32],"product_tag":[35,37,38,33,34],"class_list":{"0":"post-59","1":"product","2":"type-product","3":"status-publish","4":"has-post-thumbnail","6":"product_cat-ozdoby-ogrodowe","7":"product_tag-donica","8":"product_tag-drewno","9":"product_tag-kosz","10":"product_tag-ozdoba","11":"product_tag-ozdoba-ogrodowa","12":"desktop-align-left","13":"tablet-align-left","14":"mobile-align-left","16":"first","17":"instock","18":"shipping-taxable","19":"purchasable","20":"product-type-simple"},"_links":{"self":[{"href":"https:\/\/amg-pellet.pl\/index.php?rest_route=\/wp\/v2\/product\/59","targetHints":{"allow":["GET"]}}],"collection":[{"href":"https:\/\/amg-pellet.pl\/index.php?rest_route=\/wp\/v2\/product"}],"about":[{"href":"https:\/\/amg-pellet.pl\/index.php?rest_route=\/wp\/v2\/types\/product"}],"wp:featuredmedia":[{"embeddable":true,"href":"https:\/\/amg-pellet.pl\/index.php?rest_route=\/wp\/v2\/media\/63"}],"wp:attachment":[{"href":"https:\/\/amg-pellet.pl\/index.php?rest_route=%2Fwp%2Fv2%2Fmedia&parent=59"}],"wp:term":[{"taxonomy":"product_brand","embeddable":true,"href":"https:\/\/amg-pellet.pl\/index.php?rest_route=%2Fwp%2Fv2%2Fproduct_brand&post=59"},{"taxonomy":"product_cat","embeddable":true,"href":"https:\/\/amg-pellet.pl\/index.php?rest_route=%2Fwp%2Fv2%2Fproduct_cat&post=59"},{"taxonomy":"product_tag","embeddable":true,"href":"https:\/\/amg-pellet.pl\/index.php?rest_route=%2Fwp%2Fv2%2Fproduct_tag&post=59"}],"curies":[{"name":"wp","href":"https:\/\/api.w.org\/{rel}","templated":true}]}}