{"id":61,"date":"2026-04-20T12:22:43","date_gmt":"2026-04-20T10:22:43","guid":{"rendered":"http:\/\/amg-pellet.pl\/?post_type=product&#038;p=61"},"modified":"2026-04-20T12:22:44","modified_gmt":"2026-04-20T10:22:44","slug":"wiatrak-170","status":"publish","type":"product","link":"https:\/\/amg-pellet.pl\/?product=wiatrak-170","title":{"rendered":"Wiatrak 170"},"content":{"rendered":"<p>Wysoko\u015b\u0107 ca\u0142kowita: 210 cm<\/p>\n<p>Szeroko\u015b\u0107 ca\u0142kowita: 160 cm<\/p>\n<p>D\u0142udo\u015b\u0107 ca\u0142kowita: 100 cm<\/p>\n<p>Materia\u0142 wykonania: drewno sosnowe<\/p>\n<p>Typ: Ozdoba wolnostoj\u0105ca<\/p>\n","protected":false},"excerpt":{"rendered":"<p>Drewniany wiatrak ogrodowy to wyj\u0105tkowa dekoracja, kt\u00f3ra wprowadza do ogrodu naturalny, sielski klimat. Starannie wykonany z wysokiej jako\u015bci drewna, zachwyca dopracowanymi detalami i solidn\u0105 konstrukcj\u0105. Obracaj\u0105ce si\u0119 skrzyd\u0142a dodaj\u0105 mu uroku i sprawiaj\u0105, \u017ce przyci\u0105ga wzrok w ka\u017cdej przestrzeni \u2013 zar\u00f3wno w\u015br\u00f3d zieleni tui, jak i kolorowych kwiat\u00f3w. Idealnie sprawdzi si\u0119 jako ozdoba ogrodu, dzia\u0142ki, tarasu czy przestrzeni przy domu, nadaj\u0105c jej niepowtarzalny charakter.<\/p>\n","protected":false},"featured_media":62,"template":"","meta":{"site-sidebar-layout":"default","site-content-layout":"","ast-site-content-layout":"default","site-content-style":"default","site-sidebar-style":"default","ast-global-header-display":"","ast-banner-title-visibility":"","ast-main-header-display":"","ast-hfb-above-header-display":"","ast-hfb-below-header-display":"","ast-hfb-mobile-header-display":"","site-post-title":"","ast-breadcrumbs-content":"","ast-featured-img":"","footer-sml-layout":"","ast-disable-related-posts":"","theme-transparent-header-meta":"default","adv-header-id-meta":"","stick-header-meta":"","header-above-stick-meta":"","header-main-stick-meta":"","header-below-stick-meta":"","astra-migrate-meta-layouts":"set","ast-page-background-enabled":"default","ast-page-background-meta":{"desktop":{"background-color":"var(--ast-global-color-5)","background-image":"","background-repeat":"repeat","background-position":"center center","background-size":"auto","background-attachment":"scroll","background-type":"","background-media":"","overlay-type":"","overlay-color":"","overlay-opacity":"","overlay-gradient":""},"tablet":{"background-color":"","background-image":"","background-repeat":"repeat","background-position":"center center","background-size":"auto","background-attachment":"scroll","background-type":"","background-media":"","overlay-type":"","overlay-color":"","overlay-opacity":"","overlay-gradient":""},"mobile":{"background-color":"","background-image":"","background-repeat":"repeat","background-position":"center center","background-size":"auto","background-attachment":"scroll","background-type":"","background-media":"","overlay-type":"","overlay-color":"","overlay-opacity":"","overlay-gradient":""}},"ast-content-background-meta":{"desktop":{"background-color":"var(--ast-global-color-4)","background-image":"","background-repeat":"repeat","background-position":"center center","background-size":"auto","background-attachment":"scroll","background-type":"","background-media":"","overlay-type":"","overlay-color":"","overlay-opacity":"","overlay-gradient":""},"tablet":{"background-color":"var(--ast-global-color-4)","background-image":"","background-repeat":"repeat","background-position":"center center","background-size":"auto","background-attachment":"scroll","background-type":"","background-media":"","overlay-type":"","overlay-color":"","overlay-opacity":"","overlay-gradient":""},"mobile":{"background-color":"var(--ast-global-color-4)","background-image":"","background-repeat":"repeat","background-position":"center center","background-size":"auto","background-attachment":"scroll","background-type":"","background-media":"","overlay-type":"","overlay-color":"","overlay-opacity":"","overlay-gradient":""}}},"product_brand":[],"product_cat":[32],"product_tag":[40,37,33,34,39],"class_list":{"0":"post-61","1":"product","2":"type-product","3":"status-publish","4":"has-post-thumbnail","6":"product_cat-ozdoby-ogrodowe","7":"product_tag-dekoracja","8":"product_tag-drewno","9":"product_tag-ozdoba","10":"product_tag-ozdoba-ogrodowa","11":"product_tag-wiatrak","12":"desktop-align-left","13":"tablet-align-left","14":"mobile-align-left","16":"first","17":"instock","18":"shipping-taxable","19":"purchasable","20":"product-type-simple"},"_links":{"self":[{"href":"https:\/\/amg-pellet.pl\/index.php?rest_route=\/wp\/v2\/product\/61","targetHints":{"allow":["GET"]}}],"collection":[{"href":"https:\/\/amg-pellet.pl\/index.php?rest_route=\/wp\/v2\/product"}],"about":[{"href":"https:\/\/amg-pellet.pl\/index.php?rest_route=\/wp\/v2\/types\/product"}],"wp:featuredmedia":[{"embeddable":true,"href":"https:\/\/amg-pellet.pl\/index.php?rest_route=\/wp\/v2\/media\/62"}],"wp:attachment":[{"href":"https:\/\/amg-pellet.pl\/index.php?rest_route=%2Fwp%2Fv2%2Fmedia&parent=61"}],"wp:term":[{"taxonomy":"product_brand","embeddable":true,"href":"https:\/\/amg-pellet.pl\/index.php?rest_route=%2Fwp%2Fv2%2Fproduct_brand&post=61"},{"taxonomy":"product_cat","embeddable":true,"href":"https:\/\/amg-pellet.pl\/index.php?rest_route=%2Fwp%2Fv2%2Fproduct_cat&post=61"},{"taxonomy":"product_tag","embeddable":true,"href":"https:\/\/amg-pellet.pl\/index.php?rest_route=%2Fwp%2Fv2%2Fproduct_tag&post=61"}],"curies":[{"name":"wp","href":"https:\/\/api.w.org\/{rel}","templated":true}]}}