{"id":65,"date":"2026-04-20T12:55:09","date_gmt":"2026-04-20T10:55:09","guid":{"rendered":"http:\/\/amg-pellet.pl\/?post_type=product&#038;p=65"},"modified":"2026-04-28T12:17:50","modified_gmt":"2026-04-28T10:17:50","slug":"palisada-toczona-ostrzona","status":"publish","type":"product","link":"https:\/\/amg-pellet.pl\/?product=palisada-toczona-ostrzona","title":{"rendered":"Palisada Toczona ostrzona"},"content":{"rendered":"<p>Drewniana palisada toczona\u00a0 to solidny i estetyczny element do aran\u017cacji ogrodu. Zako\u0144czona ostrym czubkiem, u\u0142atwia szybki i stabilny monta\u017c w gruncie, dzi\u0119ki czemu \u015bwietnie sprawdzi si\u0119 jako obrze\u017ce rabat, wzmocnienie skarp czy element ogrodzenia.<\/p>\n<p>Wykonana z wysokiej jako\u015bci drewna, charakteryzuje si\u0119 trwa\u0142o\u015bci\u0105 oraz naturalnym wygl\u0105dem, kt\u00f3ry doskonale komponuje si\u0119 z zieleni\u0105 ogrodu. G\u0142adka, toczona powierzchnia nadaje jej elegancki i schludny wygl\u0105d.<\/p>\n<p>&nbsp;<\/p>\n","protected":false},"excerpt":{"rendered":"<p>Produkt mo\u017cesz dopasowa\u0107 do swoich potrzeb \u2013 skorzystaj z kreatora poni\u017cej, aby wybra\u0107 odpowiedni\u0105 ilo\u015b\u0107, wariant lub parametry i stworzy\u0107 idealne rozwi\u0105zanie do swojej przestrzeni. Je\u015bli potrzebujesz d\u0142ugo\u015b\u0107 inna ni\u017c s\u0105 wskazane w kreatorze, zaznacz opcje wy\u017csz\u0105 i w wiadomo\u015bci do sprzedaj\u0105cego poinformuj nas jaki dok\u0142adnie wymiar ma mie\u0107 Tw\u00f3j produkt!<\/p>\n","protected":false},"featured_media":66,"template":"","meta":{"site-sidebar-layout":"default","site-content-layout":"","ast-site-content-layout":"default","site-content-style":"default","site-sidebar-style":"default","ast-global-header-display":"","ast-banner-title-visibility":"","ast-main-header-display":"","ast-hfb-above-header-display":"","ast-hfb-below-header-display":"","ast-hfb-mobile-header-display":"","site-post-title":"","ast-breadcrumbs-content":"","ast-featured-img":"","footer-sml-layout":"","ast-disable-related-posts":"","theme-transparent-header-meta":"default","adv-header-id-meta":"","stick-header-meta":"","header-above-stick-meta":"","header-main-stick-meta":"","header-below-stick-meta":"","astra-migrate-meta-layouts":"set","ast-page-background-enabled":"default","ast-page-background-meta":{"desktop":{"background-color":"var(--ast-global-color-5)","background-image":"","background-repeat":"repeat","background-position":"center center","background-size":"auto","background-attachment":"scroll","background-type":"","background-media":"","overlay-type":"","overlay-color":"","overlay-opacity":"","overlay-gradient":""},"tablet":{"background-color":"","background-image":"","background-repeat":"repeat","background-position":"center center","background-size":"auto","background-attachment":"scroll","background-type":"","background-media":"","overlay-type":"","overlay-color":"","overlay-opacity":"","overlay-gradient":""},"mobile":{"background-color":"","background-image":"","background-repeat":"repeat","background-position":"center center","background-size":"auto","background-attachment":"scroll","background-type":"","background-media":"","overlay-type":"","overlay-color":"","overlay-opacity":"","overlay-gradient":""}},"ast-content-background-meta":{"desktop":{"background-color":"var(--ast-global-color-4)","background-image":"","background-repeat":"repeat","background-position":"center center","background-size":"auto","background-attachment":"scroll","background-type":"","background-media":"","overlay-type":"","overlay-color":"","overlay-opacity":"","overlay-gradient":""},"tablet":{"background-color":"var(--ast-global-color-4)","background-image":"","background-repeat":"repeat","background-position":"center center","background-size":"auto","background-attachment":"scroll","background-type":"","background-media":"","overlay-type":"","overlay-color":"","overlay-opacity":"","overlay-gradient":""},"mobile":{"background-color":"var(--ast-global-color-4)","background-image":"","background-repeat":"repeat","background-position":"center center","background-size":"auto","background-attachment":"scroll","background-type":"","background-media":"","overlay-type":"","overlay-color":"","overlay-opacity":"","overlay-gradient":""}}},"product_brand":[],"product_cat":[41],"product_tag":[37,44,43,42],"class_list":{"0":"post-65","1":"product","2":"type-product","3":"status-publish","4":"has-post-thumbnail","6":"product_cat-palisady","7":"product_tag-drewno","8":"product_tag-impregnowane","9":"product_tag-palik","10":"product_tag-palisada","11":"desktop-align-left","12":"tablet-align-left","13":"mobile-align-left","15":"first","16":"instock","17":"shipping-taxable","18":"purchasable","19":"product-type-variable"},"_links":{"self":[{"href":"https:\/\/amg-pellet.pl\/index.php?rest_route=\/wp\/v2\/product\/65","targetHints":{"allow":["GET"]}}],"collection":[{"href":"https:\/\/amg-pellet.pl\/index.php?rest_route=\/wp\/v2\/product"}],"about":[{"href":"https:\/\/amg-pellet.pl\/index.php?rest_route=\/wp\/v2\/types\/product"}],"wp:featuredmedia":[{"embeddable":true,"href":"https:\/\/amg-pellet.pl\/index.php?rest_route=\/wp\/v2\/media\/66"}],"wp:attachment":[{"href":"https:\/\/amg-pellet.pl\/index.php?rest_route=%2Fwp%2Fv2%2Fmedia&parent=65"}],"wp:term":[{"taxonomy":"product_brand","embeddable":true,"href":"https:\/\/amg-pellet.pl\/index.php?rest_route=%2Fwp%2Fv2%2Fproduct_brand&post=65"},{"taxonomy":"product_cat","embeddable":true,"href":"https:\/\/amg-pellet.pl\/index.php?rest_route=%2Fwp%2Fv2%2Fproduct_cat&post=65"},{"taxonomy":"product_tag","embeddable":true,"href":"https:\/\/amg-pellet.pl\/index.php?rest_route=%2Fwp%2Fv2%2Fproduct_tag&post=65"}],"curies":[{"name":"wp","href":"https:\/\/api.w.org\/{rel}","templated":true}]}}