{"id":67,"date":"2026-04-20T13:07:52","date_gmt":"2026-04-20T11:07:52","guid":{"rendered":"http:\/\/amg-pellet.pl\/?post_type=product&#038;p=67"},"modified":"2026-04-27T14:47:40","modified_gmt":"2026-04-27T12:47:40","slug":"palisada-toczona","status":"publish","type":"product","link":"https:\/\/amg-pellet.pl\/?product=palisada-toczona","title":{"rendered":"Palisada Toczona"},"content":{"rendered":"<p>Drewniana palisada toczona to uniwersalny element do aran\u017cacji ogrodu i przestrzeni zewn\u0119trznych. Dzi\u0119ki prostemu zako\u0144czeniu (bez ostrzenia) doskonale sprawdzi si\u0119 w miejscach, gdzie liczy si\u0119 estetyka i stabilne u\u0142o\u017cenie \u2013 np. przy budowie ogrodze\u0144, palisad, obrze\u017cy czy konstrukcji dekoracyjnych.<\/p>\n<p>Wykonana z solidnego drewna, wyr\u00f3\u017cnia si\u0119 trwa\u0142o\u015bci\u0105 oraz naturalnym wygl\u0105dem, kt\u00f3ry \u015bwietnie komponuje si\u0119 z otoczeniem. G\u0142adka, toczona powierzchnia zapewnia estetyczny efekt i wygod\u0119 w u\u017cytkowaniu.<\/p>\n<p>&nbsp;<\/p>\n","protected":false},"excerpt":{"rendered":"<p>Produkt mo\u017cesz dopasowa\u0107 do swoich potrzeb \u2013 skorzystaj z kreatora poni\u017cej, aby wybra\u0107 odpowiedni\u0105 ilo\u015b\u0107 lub wariant i stworzy\u0107 idealne rozwi\u0105zanie do swojego projektu. Je\u015bli potrzebujesz d\u0142ugo\u015b\u0107 inna ni\u017c s\u0105 wskazane w kreatorze, zaznacz opcje wy\u017csz\u0105 i w wiadomo\u015bci do sprzedaj\u0105cego poinformuj nas jaki dok\u0142adnie wymiar ma mie\u0107 Tw\u00f3j produkt!<\/p>\n","protected":false},"featured_media":68,"template":"","meta":{"site-sidebar-layout":"default","site-content-layout":"","ast-site-content-layout":"default","site-content-style":"default","site-sidebar-style":"default","ast-global-header-display":"","ast-banner-title-visibility":"","ast-main-header-display":"","ast-hfb-above-header-display":"","ast-hfb-below-header-display":"","ast-hfb-mobile-header-display":"","site-post-title":"","ast-breadcrumbs-content":"","ast-featured-img":"","footer-sml-layout":"","ast-disable-related-posts":"","theme-transparent-header-meta":"default","adv-header-id-meta":"","stick-header-meta":"","header-above-stick-meta":"","header-main-stick-meta":"","header-below-stick-meta":"","astra-migrate-meta-layouts":"set","ast-page-background-enabled":"default","ast-page-background-meta":{"desktop":{"background-color":"var(--ast-global-color-5)","background-image":"","background-repeat":"repeat","background-position":"center center","background-size":"auto","background-attachment":"scroll","background-type":"","background-media":"","overlay-type":"","overlay-color":"","overlay-opacity":"","overlay-gradient":""},"tablet":{"background-color":"","background-image":"","background-repeat":"repeat","background-position":"center center","background-size":"auto","background-attachment":"scroll","background-type":"","background-media":"","overlay-type":"","overlay-color":"","overlay-opacity":"","overlay-gradient":""},"mobile":{"background-color":"","background-image":"","background-repeat":"repeat","background-position":"center center","background-size":"auto","background-attachment":"scroll","background-type":"","background-media":"","overlay-type":"","overlay-color":"","overlay-opacity":"","overlay-gradient":""}},"ast-content-background-meta":{"desktop":{"background-color":"var(--ast-global-color-4)","background-image":"","background-repeat":"repeat","background-position":"center center","background-size":"auto","background-attachment":"scroll","background-type":"","background-media":"","overlay-type":"","overlay-color":"","overlay-opacity":"","overlay-gradient":""},"tablet":{"background-color":"var(--ast-global-color-4)","background-image":"","background-repeat":"repeat","background-position":"center center","background-size":"auto","background-attachment":"scroll","background-type":"","background-media":"","overlay-type":"","overlay-color":"","overlay-opacity":"","overlay-gradient":""},"mobile":{"background-color":"var(--ast-global-color-4)","background-image":"","background-repeat":"repeat","background-position":"center center","background-size":"auto","background-attachment":"scroll","background-type":"","background-media":"","overlay-type":"","overlay-color":"","overlay-opacity":"","overlay-gradient":""}}},"product_brand":[],"product_cat":[41],"product_tag":[37,45,42],"class_list":{"0":"post-67","1":"product","2":"type-product","3":"status-publish","4":"has-post-thumbnail","6":"product_cat-palisady","7":"product_tag-drewno","8":"product_tag-ogrod","9":"product_tag-palisada","10":"desktop-align-left","11":"tablet-align-left","12":"mobile-align-left","14":"first","15":"instock","16":"shipping-taxable","17":"purchasable","18":"product-type-variable"},"_links":{"self":[{"href":"https:\/\/amg-pellet.pl\/index.php?rest_route=\/wp\/v2\/product\/67","targetHints":{"allow":["GET"]}}],"collection":[{"href":"https:\/\/amg-pellet.pl\/index.php?rest_route=\/wp\/v2\/product"}],"about":[{"href":"https:\/\/amg-pellet.pl\/index.php?rest_route=\/wp\/v2\/types\/product"}],"wp:featuredmedia":[{"embeddable":true,"href":"https:\/\/amg-pellet.pl\/index.php?rest_route=\/wp\/v2\/media\/68"}],"wp:attachment":[{"href":"https:\/\/amg-pellet.pl\/index.php?rest_route=%2Fwp%2Fv2%2Fmedia&parent=67"}],"wp:term":[{"taxonomy":"product_brand","embeddable":true,"href":"https:\/\/amg-pellet.pl\/index.php?rest_route=%2Fwp%2Fv2%2Fproduct_brand&post=67"},{"taxonomy":"product_cat","embeddable":true,"href":"https:\/\/amg-pellet.pl\/index.php?rest_route=%2Fwp%2Fv2%2Fproduct_cat&post=67"},{"taxonomy":"product_tag","embeddable":true,"href":"https:\/\/amg-pellet.pl\/index.php?rest_route=%2Fwp%2Fv2%2Fproduct_tag&post=67"}],"curies":[{"name":"wp","href":"https:\/\/api.w.org\/{rel}","templated":true}]}}