{"id":70,"date":"2026-04-20T13:43:09","date_gmt":"2026-04-20T11:43:09","guid":{"rendered":"http:\/\/amg-pellet.pl\/?post_type=product&#038;p=70"},"modified":"2026-04-27T15:28:02","modified_gmt":"2026-04-27T13:28:02","slug":"polpalisada","status":"publish","type":"product","link":"https:\/\/amg-pellet.pl\/?product=polpalisada","title":{"rendered":"P\u00f3\u0142palisada"},"content":{"rendered":"<p>Po\u0142palisada toczona to estetyczny i wszechstronny element drewniany powstaj\u0105cy z klasycznej palisady, przeci\u0119tej wzd\u0142u\u017c na p\u00f3\u0142. Dzi\u0119ki temu uzyskujemy p\u00f3\u0142okr\u0105g\u0142y profil o naturalnym, eleganckim wygl\u0105dzie oraz du\u017cej funkcjonalno\u015bci w zastosowaniach ogrodowych i budowlanych.<\/p>\n<p>Elementy te doskonale sprawdzaj\u0105 si\u0119 wsz\u0119dzie tam, gdzie liczy si\u0119 zar\u00f3wno trwa\u0142o\u015b\u0107, jak i efekt wizualny. G\u0142adko toczona powierzchnia oraz regularny kszta\u0142t sprawiaj\u0105, \u017ce po\u0142palisady s\u0105 ch\u0119tnie wybierane do projekt\u00f3w nowoczesnych i tradycyjnych.<\/p>\n<p>Zastosowanie po\u0142palisady toczonej:<\/p>\n<p>\u2022\u2060 \u2060obicia altan i domk\u00f3w ogrodowych<br \/>\n\u2022\u2060 \u2060sztachety do p\u0142ot\u00f3w i ogrodze\u0144<br \/>\n\u2022\u2060 \u2060zabudowy dekoracyjne w ogrodzie<br \/>\n\u2022\u2060 \u2060elementy ma\u0142ej architektury<br \/>\n\u2022\u2060 \u2060wyko\u0144czenia taras\u00f3w i pergoli<br \/>\n\u2022\u2060 \u2060projekty DIY i aran\u017cacje ogrodowe<\/p>\n<p>Drewno zachowuje naturalny charakter, a jednocze\u015bnie pozwala na tworzenie sp\u00f3jnych i estetycznych konstrukcji. Po\u0142palisada mo\u017ce by\u0107 stosowana zar\u00f3wno w stanie surowym, jak i po impregnacji lub malowaniu, co zwi\u0119ksza jej trwa\u0142o\u015b\u0107 i odporno\u015b\u0107 na warunki atmosferyczne.<\/p>\n<p>To uniwersalne rozwi\u0105zanie dla os\u00f3b, kt\u00f3re ceni\u0105 sobie naturalne materia\u0142y, solidne wykonanie i estetyczny wygl\u0105d w ka\u017cdym detalu.<\/p>\n","protected":false},"excerpt":{"rendered":"<p>Produkt mo\u017cesz dopasowa\u0107 do swoich potrzeb \u2013 skorzystaj z kreatora poni\u017cej, aby wybra\u0107 odpowiedni\u0105 ilo\u015b\u0107 lub wariant i stworzy\u0107 idealne rozwi\u0105zanie do swojego projektu. Istnieje r\u00f3wnie\u017c mo\u017cliwo\u015b\u0107 skr\u00f3cenia palisady pod dowolny wymiar, zam\u00f3w wymiar wy\u017cszy i napisz do nas w wiadomo\u015bci do sprzedaj\u0105cego na jaki wymiar skr\u00f3ci\u0107 produkt, \u017ceby\u015b otrzyma\u0142 dok\u0142adnie to czego potrzebujesz.<\/p>\n","protected":false},"featured_media":72,"template":"","meta":{"site-sidebar-layout":"default","site-content-layout":"","ast-site-content-layout":"default","site-content-style":"default","site-sidebar-style":"default","ast-global-header-display":"","ast-banner-title-visibility":"","ast-main-header-display":"","ast-hfb-above-header-display":"","ast-hfb-below-header-display":"","ast-hfb-mobile-header-display":"","site-post-title":"","ast-breadcrumbs-content":"","ast-featured-img":"","footer-sml-layout":"","ast-disable-related-posts":"","theme-transparent-header-meta":"default","adv-header-id-meta":"","stick-header-meta":"","header-above-stick-meta":"","header-main-stick-meta":"","header-below-stick-meta":"","astra-migrate-meta-layouts":"set","ast-page-background-enabled":"default","ast-page-background-meta":{"desktop":{"background-color":"var(--ast-global-color-5)","background-image":"","background-repeat":"repeat","background-position":"center center","background-size":"auto","background-attachment":"scroll","background-type":"","background-media":"","overlay-type":"","overlay-color":"","overlay-opacity":"","overlay-gradient":""},"tablet":{"background-color":"","background-image":"","background-repeat":"repeat","background-position":"center center","background-size":"auto","background-attachment":"scroll","background-type":"","background-media":"","overlay-type":"","overlay-color":"","overlay-opacity":"","overlay-gradient":""},"mobile":{"background-color":"","background-image":"","background-repeat":"repeat","background-position":"center center","background-size":"auto","background-attachment":"scroll","background-type":"","background-media":"","overlay-type":"","overlay-color":"","overlay-opacity":"","overlay-gradient":""}},"ast-content-background-meta":{"desktop":{"background-color":"var(--ast-global-color-4)","background-image":"","background-repeat":"repeat","background-position":"center center","background-size":"auto","background-attachment":"scroll","background-type":"","background-media":"","overlay-type":"","overlay-color":"","overlay-opacity":"","overlay-gradient":""},"tablet":{"background-color":"var(--ast-global-color-4)","background-image":"","background-repeat":"repeat","background-position":"center center","background-size":"auto","background-attachment":"scroll","background-type":"","background-media":"","overlay-type":"","overlay-color":"","overlay-opacity":"","overlay-gradient":""},"mobile":{"background-color":"var(--ast-global-color-4)","background-image":"","background-repeat":"repeat","background-position":"center center","background-size":"auto","background-attachment":"scroll","background-type":"","background-media":"","overlay-type":"","overlay-color":"","overlay-opacity":"","overlay-gradient":""}}},"product_brand":[],"product_cat":[41],"product_tag":[42,46,47,48],"class_list":{"0":"post-70","1":"product","2":"type-product","3":"status-publish","4":"has-post-thumbnail","6":"product_cat-palisady","7":"product_tag-palisada","8":"product_tag-polpalisada","9":"product_tag-rygiel","10":"product_tag-sztacheta","11":"desktop-align-left","12":"tablet-align-left","13":"mobile-align-left","15":"first","16":"instock","17":"shipping-taxable","18":"purchasable","19":"product-type-variable"},"_links":{"self":[{"href":"https:\/\/amg-pellet.pl\/index.php?rest_route=\/wp\/v2\/product\/70","targetHints":{"allow":["GET"]}}],"collection":[{"href":"https:\/\/amg-pellet.pl\/index.php?rest_route=\/wp\/v2\/product"}],"about":[{"href":"https:\/\/amg-pellet.pl\/index.php?rest_route=\/wp\/v2\/types\/product"}],"wp:featuredmedia":[{"embeddable":true,"href":"https:\/\/amg-pellet.pl\/index.php?rest_route=\/wp\/v2\/media\/72"}],"wp:attachment":[{"href":"https:\/\/amg-pellet.pl\/index.php?rest_route=%2Fwp%2Fv2%2Fmedia&parent=70"}],"wp:term":[{"taxonomy":"product_brand","embeddable":true,"href":"https:\/\/amg-pellet.pl\/index.php?rest_route=%2Fwp%2Fv2%2Fproduct_brand&post=70"},{"taxonomy":"product_cat","embeddable":true,"href":"https:\/\/amg-pellet.pl\/index.php?rest_route=%2Fwp%2Fv2%2Fproduct_cat&post=70"},{"taxonomy":"product_tag","embeddable":true,"href":"https:\/\/amg-pellet.pl\/index.php?rest_route=%2Fwp%2Fv2%2Fproduct_tag&post=70"}],"curies":[{"name":"wp","href":"https:\/\/api.w.org\/{rel}","templated":true}]}}